{"id":244202,"date":"2021-08-12T08:05:37","date_gmt":"2021-08-12T06:05:37","guid":{"rendered":"https:\/\/tekstmodel.nl\/winkelwagen\/spelling-grammatica-snb-2\/"},"modified":"2022-02-18T18:42:33","modified_gmt":"2022-02-18T17:42:33","slug":"spelling-grammatica-zorg","status":"publish","type":"product","link":"https:\/\/tekstmodel.nl\/en\/winkelwagen\/spelling-grammatica-zorg\/","title":{"rendered":"Spelling &#038; Grammatica"},"content":{"rendered":"","protected":false},"excerpt":{"rendered":"<p>Wil jij met m\u00e9\u00e9r zelfvertrouwen schrijven doordat je m\u00ednder foutjes maakt? Update je kennis in deze korte online on demand training.<\/p>\n<p><img decoding=\"async\" loading=\"lazy\" class=\"size-full wp-image-117413 alignleft\" src=\"https:\/\/tekstmodel.nl\/wp-content\/uploads\/2017\/11\/schrijftraining-schrijfcursus.png\" alt=\"\" width=\"20\" height=\"20\" \/>2,5 uur training en onbeperkt vragen stellen<\/p>\n<p><img decoding=\"async\" loading=\"lazy\" class=\"size-full wp-image-117413 alignleft\" src=\"https:\/\/tekstmodel.nl\/wp-content\/uploads\/2017\/11\/schrijftraining-schrijfcursus.png\" alt=\"\" width=\"20\" height=\"20\" \/>1 jaar toegang tot de training &#038; updates<\/p>\n<p><img decoding=\"async\" loading=\"lazy\" class=\"size-full wp-image-117413 alignleft\" src=\"https:\/\/tekstmodel.nl\/wp-content\/uploads\/2017\/11\/schrijftraining-schrijfcursus.png\" alt=\"\" width=\"20\" height=\"20\" \/>Inclusief eindtoets en persoonlijk certificaat<\/p>\n","protected":false},"featured_media":256786,"comment_status":"closed","ping_status":"closed","template":"","meta":{"_genesis_hide_title":false,"_genesis_hide_breadcrumbs":false,"_genesis_hide_singular_image":false,"_genesis_hide_footer_widgets":false,"_genesis_custom_body_class":"","_genesis_custom_post_class":"","_genesis_layout":"full-width-content"},"product_cat":[321],"product_tag":[],"yoast_head":"<!-- This site is optimized with the Yoast SEO Premium plugin v18.5 (Yoast SEO v18.9) - https:\/\/yoast.com\/wordpress\/plugins\/seo\/ -->\n<title>Spelling &amp; Grammatica voor Zorgprofessionals<\/title>\n<meta name=\"description\" content=\"Na deze korte online training van 2,5 uur voorkom je veelgemaakte taalfouten. In video\u2019s leg ik alles rustig uit.\" \/>\n<meta name=\"robots\" content=\"index, follow, max-snippet:-1, max-image-preview:large, max-video-preview:-1\" \/>\n<link rel=\"canonical\" href=\"https:\/\/tekstmodel.nl\/en\/winkelwagen\/spelling-grammatica\/\" \/>\n<meta property=\"og:locale\" content=\"en_US\" \/>\n<meta property=\"og:type\" content=\"article\" \/>\n<meta property=\"og:title\" content=\"Spelling &amp; Grammatica\" \/>\n<meta property=\"og:description\" content=\"Na deze korte online training van 2,5 uur voorkom je veelgemaakte taalfouten. In video\u2019s leg ik alles rustig uit.\" \/>\n<meta property=\"og:url\" content=\"https:\/\/tekstmodel.nl\/winkelwagen\/spelling-grammatica\/\" \/>\n<meta property=\"og:site_name\" content=\"Schrijftraining van tekstmodel\" \/>\n<meta property=\"article:modified_time\" content=\"2022-02-18T17:42:33+00:00\" \/>\n<meta property=\"og:image\" content=\"https:\/\/tekstmodel.nl\/wp-content\/uploads\/2020\/11\/schrijftraining-tekstmodel.jpg\" \/>\n\t<meta property=\"og:image:width\" content=\"700\" \/>\n\t<meta property=\"og:image:height\" content=\"567\" \/>\n\t<meta property=\"og:image:type\" content=\"image\/jpeg\" \/>\n<meta name=\"twitter:card\" content=\"summary\" \/>\n<script type=\"application\/ld+json\" class=\"yoast-schema-graph\">{\"@context\":\"https:\/\/schema.org\",\"@graph\":[{\"@type\":\"Organization\",\"@id\":\"https:\/\/tekstmodel.nl\/#organization\",\"name\":\"Tekstmodel Schrijftraining\",\"url\":\"https:\/\/tekstmodel.nl\/\",\"sameAs\":[],\"logo\":{\"@type\":\"ImageObject\",\"inLanguage\":\"en-US\",\"@id\":\"https:\/\/tekstmodel.nl\/#\/schema\/logo\/image\/\",\"url\":\"https:\/\/tekstmodel.nl\/wp-content\/uploads\/2016\/02\/schrijftraining-tekstmodel-20161.png\",\"contentUrl\":\"https:\/\/tekstmodel.nl\/wp-content\/uploads\/2016\/02\/schrijftraining-tekstmodel-20161.png\",\"width\":360,\"height\":70,\"caption\":\"Tekstmodel Schrijftraining\"},\"image\":{\"@id\":\"https:\/\/tekstmodel.nl\/#\/schema\/logo\/image\/\"}},{\"@type\":\"WebSite\",\"@id\":\"https:\/\/tekstmodel.nl\/#website\",\"url\":\"https:\/\/tekstmodel.nl\/\",\"name\":\"Schrijftraining van tekstmodel\",\"description\":\"Schrijftraining voor het bedrijfsleven en de (semi-)overheid. Leer extreem helder schrijven. Bekijk alle trainingen.\",\"publisher\":{\"@id\":\"https:\/\/tekstmodel.nl\/#organization\"},\"potentialAction\":[{\"@type\":\"SearchAction\",\"target\":{\"@type\":\"EntryPoint\",\"urlTemplate\":\"https:\/\/tekstmodel.nl\/?s={search_term_string}\"},\"query-input\":\"required name=search_term_string\"}],\"inLanguage\":\"en-US\"},{\"@type\":\"ImageObject\",\"inLanguage\":\"en-US\",\"@id\":\"https:\/\/tekstmodel.nl\/winkelwagen\/spelling-grammatica\/#primaryimage\",\"url\":\"https:\/\/tekstmodel.nl\/wp-content\/uploads\/2020\/11\/schrijftraining-tekstmodel.jpg\",\"contentUrl\":\"https:\/\/tekstmodel.nl\/wp-content\/uploads\/2020\/11\/schrijftraining-tekstmodel.jpg\",\"width\":700,\"height\":567,\"caption\":\"Schrijftraining tekstmodel\"},{\"@type\":\"WebPage\",\"@id\":\"https:\/\/tekstmodel.nl\/winkelwagen\/spelling-grammatica\/#webpage\",\"url\":\"https:\/\/tekstmodel.nl\/winkelwagen\/spelling-grammatica\/\",\"name\":\"Spelling & Grammatica voor Zorgprofessionals\",\"isPartOf\":{\"@id\":\"https:\/\/tekstmodel.nl\/#website\"},\"primaryImageOfPage\":{\"@id\":\"https:\/\/tekstmodel.nl\/winkelwagen\/spelling-grammatica\/#primaryimage\"},\"datePublished\":\"2021-08-12T06:05:37+00:00\",\"dateModified\":\"2022-02-18T17:42:33+00:00\",\"description\":\"Na deze korte online training van 2,5 uur voorkom je veelgemaakte taalfouten. In video\u2019s leg ik alles rustig uit.\",\"breadcrumb\":{\"@id\":\"https:\/\/tekstmodel.nl\/winkelwagen\/spelling-grammatica\/#breadcrumb\"},\"inLanguage\":\"en-US\",\"potentialAction\":[{\"@type\":\"ReadAction\",\"target\":[\"https:\/\/tekstmodel.nl\/winkelwagen\/spelling-grammatica\/\"]}]},{\"@type\":\"BreadcrumbList\",\"@id\":\"https:\/\/tekstmodel.nl\/winkelwagen\/spelling-grammatica\/#breadcrumb\",\"itemListElement\":[{\"@type\":\"ListItem\",\"position\":1,\"name\":\"Home\",\"item\":\"https:\/\/tekstmodel.nl\/en\/\"},{\"@type\":\"ListItem\",\"position\":2,\"name\":\"Winkelwagen\",\"item\":\"https:\/\/tekstmodel.nl\/winkelwagen\/\"},{\"@type\":\"ListItem\",\"position\":3,\"name\":\"Spelling &#038; Grammatica\"}]}]}<\/script>\n<!-- \/ Yoast SEO Premium plugin. -->","yoast_head_json":{"title":"Spelling & Grammatica voor Zorgprofessionals","description":"Na deze korte online training van 2,5 uur voorkom je veelgemaakte taalfouten. In video\u2019s leg ik alles rustig uit.","robots":{"index":"index","follow":"follow","max-snippet":"max-snippet:-1","max-image-preview":"max-image-preview:large","max-video-preview":"max-video-preview:-1"},"canonical":"https:\/\/tekstmodel.nl\/en\/winkelwagen\/spelling-grammatica\/","og_locale":"en_US","og_type":"article","og_title":"Spelling & Grammatica","og_description":"Na deze korte online training van 2,5 uur voorkom je veelgemaakte taalfouten. In video\u2019s leg ik alles rustig uit.","og_url":"https:\/\/tekstmodel.nl\/winkelwagen\/spelling-grammatica\/","og_site_name":"Schrijftraining van tekstmodel","article_modified_time":"2022-02-18T17:42:33+00:00","og_image":[{"width":700,"height":567,"url":"https:\/\/tekstmodel.nl\/wp-content\/uploads\/2020\/11\/schrijftraining-tekstmodel.jpg","type":"image\/jpeg"}],"twitter_card":"summary","schema":{"@context":"https:\/\/schema.org","@graph":[{"@type":"Organization","@id":"https:\/\/tekstmodel.nl\/#organization","name":"Tekstmodel Schrijftraining","url":"https:\/\/tekstmodel.nl\/","sameAs":[],"logo":{"@type":"ImageObject","inLanguage":"en-US","@id":"https:\/\/tekstmodel.nl\/#\/schema\/logo\/image\/","url":"https:\/\/tekstmodel.nl\/wp-content\/uploads\/2016\/02\/schrijftraining-tekstmodel-20161.png","contentUrl":"https:\/\/tekstmodel.nl\/wp-content\/uploads\/2016\/02\/schrijftraining-tekstmodel-20161.png","width":360,"height":70,"caption":"Tekstmodel Schrijftraining"},"image":{"@id":"https:\/\/tekstmodel.nl\/#\/schema\/logo\/image\/"}},{"@type":"WebSite","@id":"https:\/\/tekstmodel.nl\/#website","url":"https:\/\/tekstmodel.nl\/","name":"Schrijftraining van tekstmodel","description":"Schrijftraining voor het bedrijfsleven en de (semi-)overheid. Leer extreem helder schrijven. Bekijk alle trainingen.","publisher":{"@id":"https:\/\/tekstmodel.nl\/#organization"},"potentialAction":[{"@type":"SearchAction","target":{"@type":"EntryPoint","urlTemplate":"https:\/\/tekstmodel.nl\/?s={search_term_string}"},"query-input":"required name=search_term_string"}],"inLanguage":"en-US"},{"@type":"ImageObject","inLanguage":"en-US","@id":"https:\/\/tekstmodel.nl\/winkelwagen\/spelling-grammatica\/#primaryimage","url":"https:\/\/tekstmodel.nl\/wp-content\/uploads\/2020\/11\/schrijftraining-tekstmodel.jpg","contentUrl":"https:\/\/tekstmodel.nl\/wp-content\/uploads\/2020\/11\/schrijftraining-tekstmodel.jpg","width":700,"height":567,"caption":"Schrijftraining tekstmodel"},{"@type":"WebPage","@id":"https:\/\/tekstmodel.nl\/winkelwagen\/spelling-grammatica\/#webpage","url":"https:\/\/tekstmodel.nl\/winkelwagen\/spelling-grammatica\/","name":"Spelling & Grammatica voor Zorgprofessionals","isPartOf":{"@id":"https:\/\/tekstmodel.nl\/#website"},"primaryImageOfPage":{"@id":"https:\/\/tekstmodel.nl\/winkelwagen\/spelling-grammatica\/#primaryimage"},"datePublished":"2021-08-12T06:05:37+00:00","dateModified":"2022-02-18T17:42:33+00:00","description":"Na deze korte online training van 2,5 uur voorkom je veelgemaakte taalfouten. In video\u2019s leg ik alles rustig uit.","breadcrumb":{"@id":"https:\/\/tekstmodel.nl\/winkelwagen\/spelling-grammatica\/#breadcrumb"},"inLanguage":"en-US","potentialAction":[{"@type":"ReadAction","target":["https:\/\/tekstmodel.nl\/winkelwagen\/spelling-grammatica\/"]}]},{"@type":"BreadcrumbList","@id":"https:\/\/tekstmodel.nl\/winkelwagen\/spelling-grammatica\/#breadcrumb","itemListElement":[{"@type":"ListItem","position":1,"name":"Home","item":"https:\/\/tekstmodel.nl\/en\/"},{"@type":"ListItem","position":2,"name":"Winkelwagen","item":"https:\/\/tekstmodel.nl\/winkelwagen\/"},{"@type":"ListItem","position":3,"name":"Spelling &#038; Grammatica"}]}]}},"_links":{"self":[{"href":"https:\/\/tekstmodel.nl\/en\/wp-json\/wp\/v2\/product\/244202"}],"collection":[{"href":"https:\/\/tekstmodel.nl\/en\/wp-json\/wp\/v2\/product"}],"about":[{"href":"https:\/\/tekstmodel.nl\/en\/wp-json\/wp\/v2\/types\/product"}],"replies":[{"embeddable":true,"href":"https:\/\/tekstmodel.nl\/en\/wp-json\/wp\/v2\/comments?post=244202"}],"wp:featuredmedia":[{"embeddable":true,"href":"https:\/\/tekstmodel.nl\/en\/wp-json\/wp\/v2\/media\/256786"}],"wp:attachment":[{"href":"https:\/\/tekstmodel.nl\/en\/wp-json\/wp\/v2\/media?parent=244202"}],"wp:term":[{"taxonomy":"product_cat","embeddable":true,"href":"https:\/\/tekstmodel.nl\/en\/wp-json\/wp\/v2\/product_cat?post=244202"},{"taxonomy":"product_tag","embeddable":true,"href":"https:\/\/tekstmodel.nl\/en\/wp-json\/wp\/v2\/product_tag?post=244202"}],"curies":[{"name":"wp","href":"https:\/\/api.w.org\/{rel}","templated":true}]}}